{"id":48,"date":"2017-02-27T20:22:01","date_gmt":"2017-02-27T19:22:01","guid":{"rendered":"http:\/\/wp11697386.server-he.de\/?page_id=48"},"modified":"2026-04-01T18:00:52","modified_gmt":"2026-04-01T16:00:52","slug":"gren2enlos","status":"publish","type":"page","link":"https:\/\/www.gren2enlos.at\/","title":{"rendered":"Grenzenlos"},"content":{"rendered":"\n<p><strong>HOMEPAGE BEFINDET SICH IM AUFBAU !!!!<\/strong><\/p>\n\n\n\n<figure class=\"wp-block-image size-large\"><img loading=\"lazy\" decoding=\"async\" width=\"1024\" height=\"547\" src=\"https:\/\/www.gren2enlos.at\/wp-content\/uploads\/2026\/02\/IMG_0101-1-1024x547.jpeg\" alt=\"\" class=\"wp-image-485\" srcset=\"https:\/\/www.gren2enlos.at\/wp-content\/uploads\/2026\/02\/IMG_0101-1-1024x547.jpeg 1024w, https:\/\/www.gren2enlos.at\/wp-content\/uploads\/2026\/02\/IMG_0101-1-300x160.jpeg 300w, https:\/\/www.gren2enlos.at\/wp-content\/uploads\/2026\/02\/IMG_0101-1-768x410.jpeg 768w, https:\/\/www.gren2enlos.at\/wp-content\/uploads\/2026\/02\/IMG_0101-1-1536x821.jpeg 1536w, https:\/\/www.gren2enlos.at\/wp-content\/uploads\/2026\/02\/IMG_0101-1-2048x1094.jpeg 2048w\" sizes=\"auto, (max-width: 1024px) 100vw, 1024px\" \/><\/figure>\n\n\n<p>DIE STIMMUNGSMACHER AUS DER BUCKLIGEN WELT!!!<\/p>\n<p>Fest anschnallen hei\u00dft es, wenn <strong>Grenzenlos<\/strong>&nbsp;das Stimmungsbarometer zum \u00dcberkochen bringt.<\/p>\n<p>Gespickt mit Showeinlagen, den Partykn\u00fcllern der Saison, Rock &amp; Pop, Schlager, Oldies und nat\u00fcrlich den internationalen Hits der letzten Jahrzehnte und dem Motto:<\/p>\n<p><em>MIT VOLLGAS DURCH DIE NACHT!!!<\/em><\/p>\n<p>sorgen Roman, Alex und Daniel f\u00fcr restlos begeisterte Zuschauer.<\/p>\n<p>Egal ob<\/p>\n<ul>\n<li>Volksfest<\/li>\n<li>Zelt- oder Hallenfest<\/li>\n<li>Open-Air<\/li>\n<\/ul>\n<p>&#8230;bei uns bleibt keiner lange auf den B\u00e4nken sitzen!!<\/p>\n<p>&nbsp;<\/p>\n<p>&nbsp;<\/p>","protected":false},"excerpt":{"rendered":"<p>HOMEPAGE BEFINDET SICH IM AUFBAU !!!! DIE STIMMUNGSMACHER AUS DER BUCKLIGEN WELT!!! Fest anschnallen hei\u00dft es, wenn Grenzenlos&nbsp;das Stimmungsbarometer zum \u00dcberkochen bringt. Gespickt mit Showeinlagen, den Partykn\u00fcllern der Saison, Rock &amp; Pop, Schlager, Oldies und nat\u00fcrlich den internationalen Hits der<\/p>\n","protected":false},"author":2,"featured_media":0,"parent":0,"menu_order":0,"comment_status":"closed","ping_status":"closed","template":"","meta":{"ngg_post_thumbnail":0,"footnotes":""},"class_list":["post-48","page","type-page","status-publish","hentry"],"_links":{"self":[{"href":"https:\/\/www.gren2enlos.at\/index.php\/wp-json\/wp\/v2\/pages\/48","targetHints":{"allow":["GET"]}}],"collection":[{"href":"https:\/\/www.gren2enlos.at\/index.php\/wp-json\/wp\/v2\/pages"}],"about":[{"href":"https:\/\/www.gren2enlos.at\/index.php\/wp-json\/wp\/v2\/types\/page"}],"author":[{"embeddable":true,"href":"https:\/\/www.gren2enlos.at\/index.php\/wp-json\/wp\/v2\/users\/2"}],"replies":[{"embeddable":true,"href":"https:\/\/www.gren2enlos.at\/index.php\/wp-json\/wp\/v2\/comments?post=48"}],"version-history":[{"count":16,"href":"https:\/\/www.gren2enlos.at\/index.php\/wp-json\/wp\/v2\/pages\/48\/revisions"}],"predecessor-version":[{"id":496,"href":"https:\/\/www.gren2enlos.at\/index.php\/wp-json\/wp\/v2\/pages\/48\/revisions\/496"}],"wp:attachment":[{"href":"https:\/\/www.gren2enlos.at\/index.php\/wp-json\/wp\/v2\/media?parent=48"}],"curies":[{"name":"wp","href":"https:\/\/api.w.org\/{rel}","templated":true}]}}